{"id":26,"date":"2016-02-03T19:29:39","date_gmt":"2016-02-03T18:29:39","guid":{"rendered":"http:\/\/canal-literatura.com\/apoesia9\/?page_id=26"},"modified":"2016-04-07T01:17:40","modified_gmt":"2016-04-06T23:17:40","slug":"normas-de-uso","status":"publish","type":"page","link":"https:\/\/canal-literatura.es\/apoesia9\/normas-de-uso\/","title":{"rendered":"Normas de uso"},"content":{"rendered":"<h2 style=\"text-align: center;\">Normas y explicaciones.<\/h2>\n<p>&nbsp;<\/p>\n<p style=\"text-align: justify;\">Es importante que revise todas las p\u00e1ginas disponibles en esta web, ya que contienen \u00a0la informaci\u00f3n necesaria para participar, sobre todo las\u00a0<b><a href=\"http:\/\/canal-literatura.com\/apoesia9\/bases\/\" target=\"_blank\">Bases<\/a><\/b>,\u00a0la informaci\u00f3n del jurado y patrocinadores, as\u00ed como las fechas de convocatoria y plazos.<\/p>\n<p style=\"text-align: justify;\">Todos los poemas y noticias pueden recibir comentarios de los lectores o participantes,<b> que ser\u00e1n moderados<\/b> por el administrador, pero pedimos de antemano que sean respetuosos con las obras presentadas, que intenten ce\u00f1irse al texto (no al autor) y, tanto si los comentarios son favorables como si no, se mantengan en una l\u00ednea de correcci\u00f3n que permita un di\u00e1logo fluido y enriquecedor.<\/p>\n<p style=\"text-align: justify;\">El prop\u00f3sito de estos cert\u00e1menes est\u00e1 descrito brevemente en este art\u00edculo que recomendamos leer con atenci\u00f3n:<\/p>\n<p style=\"text-align: center;\"><a href=\"http:\/\/canal-literatura.com\/blog\/zona-literaria\/disentir-para-aprender-juntos-por-luisa-nunez\/\" target=\"_blank\"><b>Disentir <\/b><b>p<\/b><b>ara <\/b><b>a<\/b><b>prender <\/b><b>j<\/b><b>untos. Por Luisa N\u00fa\u00f1ez<\/b><\/a>\u00a0<b><\/b><\/p>\n<p style=\"text-align: justify;\">Tambi\u00e9n es importante conocer la importancia de<strong> mantener el anonimato<\/strong> en esta web para todos los \u00e1mbitos del certamen y compartir en las redes sociales sin desvelar la identidad real del autor hasta la publicaci\u00f3n de los finalistas. Os recomendamos leer el siguiente art\u00edculo sobre este tema:<\/p>\n<p style=\"text-align: center;\"><strong><a href=\"http:\/\/canal-literatura.com\/blog\/zona-literaria\/anonimato-necesario-condicion-de-anonimo-y-el-exito-de-la-creacion-por-luisa-nunez\/\" target=\"_blank\">Anonimato necesario.Condici\u00f3n de an\u00f3nimo y el \u00e9xito de la creaci\u00f3n.<\/a><\/strong><\/p>\n<p style=\"text-align: center;\"><span style=\"color: #3366ff;\"><span style=\"color: #3366ff;\"><strong>\u00a0<\/strong><\/span><\/span><\/p>\n<p style=\"text-align: justify;\">Una vez finalizado el plazo de presentaci\u00f3n de los poemas, en torno a<strong>l <\/strong>, se podr\u00e1n votar para elegir el poema que obtendr\u00e1 el <b>PREMIO DEL P\u00daBLICO <\/b>a trav\u00e9s de diez estrellas que aparecer\u00e1n debajo de cada poema.<\/p>\n<p style=\"text-align: justify;\">El proceso y las normas de votaci\u00f3n se anunciar\u00e1n una vez finalizado el plazo de entrega de originales. Este premio del p\u00fablico,\u00a0no tiene nada que ver con los tres premios del certamen, que ser\u00e1n elegidos por un jurado cualificado.<\/p>\n<p style=\"text-align: justify;\">Tambi\u00e9n pedimos a los votantes respeto en las votaciones. S\u00f3lo se puede votar a cada poema una vez, tal como permite el sistema. Nuestros t\u00e9cnicos tienen suficiente experiencia para detectar votaciones fraudulentas en muchos aspectos y no <b>se dar\u00e1 ninguna explicaci\u00f3n a este respecto cuando haya que descalificar alg\u00fan poema. <\/b>Los poemas descalificados dejar\u00e1n de tener visibles las estrellas para poder votar.<\/p>\n<p style=\"text-align: justify;\">Gracias por visitarnos y participar. Esperamos que sea una grata experiencia para todos.<\/p>\n","protected":false},"excerpt":{"rendered":"<p>Normas y explicaciones. &nbsp; Es importante que revise todas las p\u00e1ginas disponibles en esta web, ya que contienen \u00a0la informaci\u00f3n necesaria para participar, sobre todo las\u00a0Bases,\u00a0la informaci\u00f3n del jurado y patrocinadores, as\u00ed como las fechas de convocatoria y plazos. Todos los poemas y noticias pueden recibir comentarios de los lectores o participantes, que ser\u00e1n moderados por el administrador, pero pedimos de antemano que sean respetuosos con las obras presentadas, que intenten ce\u00f1irse al texto (no al autor) y, tanto si los comentarios son favorables como si no, se mantengan en una l\u00ednea de correcci\u00f3n que permita un di\u00e1logo fluido y\u2026<\/p>\n<p> <a class=\"continue-reading-link\" href=\"https:\/\/canal-literatura.es\/apoesia9\/normas-de-uso\/\"><span>Continuar leyendo<\/span><i class=\"crycon-right-dir\"><\/i><\/a> <\/p>\n","protected":false},"author":4,"featured_media":0,"parent":0,"menu_order":0,"comment_status":"open","ping_status":"open","template":"","meta":{"footnotes":""},"class_list":["post-26","page","type-page","status-publish","hentry"],"amp_enabled":true,"_links":{"self":[{"href":"https:\/\/canal-literatura.es\/apoesia9\/wp-json\/wp\/v2\/pages\/26","targetHints":{"allow":["GET"]}}],"collection":[{"href":"https:\/\/canal-literatura.es\/apoesia9\/wp-json\/wp\/v2\/pages"}],"about":[{"href":"https:\/\/canal-literatura.es\/apoesia9\/wp-json\/wp\/v2\/types\/page"}],"author":[{"embeddable":true,"href":"https:\/\/canal-literatura.es\/apoesia9\/wp-json\/wp\/v2\/users\/4"}],"replies":[{"embeddable":true,"href":"https:\/\/canal-literatura.es\/apoesia9\/wp-json\/wp\/v2\/comments?post=26"}],"version-history":[{"count":0,"href":"https:\/\/canal-literatura.es\/apoesia9\/wp-json\/wp\/v2\/pages\/26\/revisions"}],"wp:attachment":[{"href":"https:\/\/canal-literatura.es\/apoesia9\/wp-json\/wp\/v2\/media?parent=26"}],"curies":[{"name":"wp","href":"https:\/\/api.w.org\/{rel}","templated":true}]}}