{"id":22,"date":"2016-02-03T19:28:37","date_gmt":"2016-02-03T18:28:37","guid":{"rendered":"http:\/\/canal-literatura.com\/apoesia9\/?page_id=22"},"modified":"2016-05-15T11:39:24","modified_gmt":"2016-05-15T09:39:24","slug":"jurado","status":"publish","type":"page","link":"https:\/\/canal-literatura.es\/apoesia9\/jurado\/","title":{"rendered":"Jurado"},"content":{"rendered":"<h2 style=\"text-align: center;\">Jurado del 9 Certamen \u00abPoemas sin Rostro\u00bb 2016<\/h2>\n<p>&nbsp;<\/p>\n<h2 style=\"text-align: center;\"><a href=\"http:\/\/canal-literatura.com\/blog\/zona-literaria\/entrevista-antonio-praena-jurado-del-9-o-certamen-poemas-sin-rostro-2016\/\" target=\"_blank\"><img loading=\"lazy\" decoding=\"async\" class=\"aligncenter wp-image-73 size-full\" src=\"http:\/\/canal-literatura.com\/apoesia9\/files\/2016\/02\/Antonio-Praena.jpg\" alt=\"Antonio Praena\" width=\"400\" height=\"542\" srcset=\"https:\/\/canal-literatura.es\/apoesia9\/files\/2016\/02\/Antonio-Praena.jpg 400w, https:\/\/canal-literatura.es\/apoesia9\/files\/2016\/02\/Antonio-Praena-221x300.jpg 221w, https:\/\/canal-literatura.es\/apoesia9\/files\/2016\/02\/Antonio-Praena-111x150.jpg 111w\" sizes=\"auto, (max-width: 400px) 100vw, 400px\" \/><\/a><\/h2>\n<p style=\"text-align: justify;\">Antonio Praena (Purullena, Granada, 1973) ha publicado los libros <em>Humo verde <\/em>(Acc\u00e9sit Premio de Poes\u00eda Iberoamericana V\u00edctor Jara 2003), <em>Poemas para mi hermana (<\/em>Acc\u00e9sit Premio Adon\u00e1is 2006), <em>Actos de amor, <\/em>(Premio Nacional \u201cJos\u00e9 Hierro\u201d 2011) y <em>Yo he querido ser gr\u00faa muchas veces <\/em>(Premio Tiflos 2013. Visor).<\/p>\n<p style=\"text-align: justify;\">Doctor en Teolog\u00eda. Profesor de la <em>Facultad de Teolog\u00eda de Valencia<\/em>, en la que complementa su docencia e investigaci\u00f3n con cursos sobre la relaci\u00f3n entre teolog\u00eda, cine, poes\u00eda y arte contempor\u00e1neos. Profesor en <em>Domuni Universit\u00e9<\/em> (<em>Pontifical University of Saint Thomas Aquinas,<\/em> Roma) y del <em>Instituto Superior de Ciencias Religiosas<\/em> de Valencia. Ha publicado obras de reflexi\u00f3n filos\u00f3fica, est\u00e9tica y teol\u00f3gica, as\u00ed como numerosos art\u00edculos especializados.<\/p>\n<p style=\"text-align: justify;\">Colaborador en diversas revistas literarias, poemas suyos han sido traducidos al franc\u00e9s, ingl\u00e9s, griego, italiano y polaco.<\/p>\n<p style=\"text-align: justify;\"><a href=\"https:\/\/canal-literatura.com\/blog\/zona-literaria\/entrevista-antonio-praena-jurado-del-9-o-certamen-poemas-sin-rostro-2016\/\" target=\"_blank\">Entrevista<\/a><\/p>\n<p>&nbsp;<\/p>\n<p>&nbsp;<\/p>\n<p>&nbsp;<\/p>\n<p><a href=\"http:\/\/canal-literatura.com\/blog\/zona-literaria\/rosario-guarino-ortega\/\" target=\"_blank\"><img loading=\"lazy\" decoding=\"async\" class=\"aligncenter wp-image-75 size-full\" src=\"http:\/\/canal-literatura.com\/apoesia9\/files\/2016\/02\/Charo-Guarino.jpg\" alt=\"Charo Guarino\" width=\"450\" height=\"544\" srcset=\"https:\/\/canal-literatura.es\/apoesia9\/files\/2016\/02\/Charo-Guarino.jpg 450w, https:\/\/canal-literatura.es\/apoesia9\/files\/2016\/02\/Charo-Guarino-248x300.jpg 248w, https:\/\/canal-literatura.es\/apoesia9\/files\/2016\/02\/Charo-Guarino-124x150.jpg 124w\" sizes=\"auto, (max-width: 450px) 100vw, 450px\" \/><\/a><\/p>\n<p style=\"text-align: justify;\">Rosario Guarino Ortega, nacida y criada en Barcelona, reside en Murcia desde hace m\u00e1s de 30 a\u00f1os, y aunque por su sangre corre sangre murciana y andaluza, y no renuncia a su patria chica, se considera, por encima de todo, una ciudadana del mundo, por el que le encanta viajar siempre que puede.<\/p>\n<p style=\"text-align: justify;\">Es Doctora en Filolog\u00eda Cl\u00e1sica por la Universidad de Murcia, donde ejerce como profesora Titular de Filolog\u00eda Latina e imparte clase en las titulaciones del grado en Filolog\u00eda Cl\u00e1sica, en Historia del Arte y en Estudios de Lengua y Literatura Espa\u00f1olas tanto de grado como de posgrado, y ha participado tambi\u00e9n en el Aula de Mayores y en la Asociaci\u00f3n Rector Sabater.<\/p>\n<p style=\"text-align: justify;\">Sus l\u00edneas de investigaci\u00f3n incluyen la Mitolog\u00eda Cl\u00e1sica, la Mitograf\u00eda, la Literatura Latina, la Mitolog\u00eda en el Renacimiento, la Pervivencia de la literatura Cl\u00e1sica, la Traducci\u00f3n de autores latinos y la Intertextualidad (Literatura Comparada).<\/p>\n<p>Tiene diversas publicaciones cient\u00edficas y en octubre de 2014 public\u00f3 con la editorial <em>raspabook<\/em> su primer poemario, <span style=\"text-decoration: underline;\"><strong><em><a href=\"http:\/\/canal-literatura.com\/blog\/blog-literatura\/la-mirada-azul-recension-de-palimpsesto-azul-poemario-de-rosario-guarino-ortega-por-antonio-vicente-frey-sanchez\/\" target=\"_blank\">Palimpsesto Azul<\/a><\/em><\/strong><\/span>, prologado por el escritor Santiago Delgado.<br \/>\nAdem\u00e1s de en castellano, ha escrito poemas en lat\u00edn y en catal\u00e1n.<\/p>\n<p>&nbsp;<\/p>\n<p><a href=\"http:\/\/canal-literatura.com\/?p=39770\" target=\"_blank\">Entrevista\u00a0<\/a><\/p>\n","protected":false},"excerpt":{"rendered":"<p>Jurado del 9 Certamen \u00abPoemas sin Rostro\u00bb 2016 &nbsp; Antonio Praena (Purullena, Granada, 1973) ha publicado los libros Humo verde (Acc\u00e9sit Premio de Poes\u00eda Iberoamericana V\u00edctor Jara 2003), Poemas para mi hermana (Acc\u00e9sit Premio Adon\u00e1is 2006), Actos de amor, (Premio Nacional \u201cJos\u00e9 Hierro\u201d 2011) y Yo he querido ser gr\u00faa muchas veces (Premio Tiflos 2013. Visor). Doctor en Teolog\u00eda. Profesor de la Facultad de Teolog\u00eda de Valencia, en la que complementa su docencia e investigaci\u00f3n con cursos sobre la relaci\u00f3n entre teolog\u00eda, cine, poes\u00eda y arte contempor\u00e1neos. Profesor en Domuni Universit\u00e9 (Pontifical University of Saint Thomas Aquinas, Roma) y del\u2026<\/p>\n<p> <a class=\"continue-reading-link\" href=\"https:\/\/canal-literatura.es\/apoesia9\/jurado\/\"><span>Continuar leyendo<\/span><i class=\"crycon-right-dir\"><\/i><\/a> <\/p>\n","protected":false},"author":4,"featured_media":0,"parent":0,"menu_order":0,"comment_status":"open","ping_status":"open","template":"","meta":{"footnotes":""},"class_list":["post-22","page","type-page","status-publish","hentry"],"amp_enabled":true,"_links":{"self":[{"href":"https:\/\/canal-literatura.es\/apoesia9\/wp-json\/wp\/v2\/pages\/22","targetHints":{"allow":["GET"]}}],"collection":[{"href":"https:\/\/canal-literatura.es\/apoesia9\/wp-json\/wp\/v2\/pages"}],"about":[{"href":"https:\/\/canal-literatura.es\/apoesia9\/wp-json\/wp\/v2\/types\/page"}],"author":[{"embeddable":true,"href":"https:\/\/canal-literatura.es\/apoesia9\/wp-json\/wp\/v2\/users\/4"}],"replies":[{"embeddable":true,"href":"https:\/\/canal-literatura.es\/apoesia9\/wp-json\/wp\/v2\/comments?post=22"}],"version-history":[{"count":0,"href":"https:\/\/canal-literatura.es\/apoesia9\/wp-json\/wp\/v2\/pages\/22\/revisions"}],"wp:attachment":[{"href":"https:\/\/canal-literatura.es\/apoesia9\/wp-json\/wp\/v2\/media?parent=22"}],"curies":[{"name":"wp","href":"https:\/\/api.w.org\/{rel}","templated":true}]}}