{"id":163,"date":"2013-04-19T22:13:47","date_gmt":"2013-04-19T20:13:47","guid":{"rendered":"https:\/\/canal-literatura.es\/Apoesia4\/?page_id=163"},"modified":"2016-03-10T01:02:36","modified_gmt":"2016-03-09T23:02:36","slug":"ganadores","status":"publish","type":"page","link":"https:\/\/canal-literatura.es\/Apoesia4\/ganadores\/","title":{"rendered":"Ganadores"},"content":{"rendered":"<p align=\"center\"><img decoding=\"async\" loading=\"lazy\" class=\"alignnone\" src=\"https:\/\/canal-literatura.es\/Apoesia4\/banner\/banner-poemas-222-4.jpg\" alt=\"\" width=\"106\" height=\"106\" \/>\u00a0 \u00a0 \u00a0 \u00a0\u00a0<img decoding=\"async\" loading=\"lazy\" src=\"https:\/\/www.canal-literatura.es\/Apoesia4\/Trofeo\/Trofeos-cristalop.jpg\" alt=\"\" width=\"180\" height=\"110\" \/><\/p>\n<p align=\"center\"><strong>PRIMER PREMIO<\/strong><\/p>\n<p align=\"center\"><b>Andr\u00e9s Eduardo Pierucci, ganador del primer premio y Raquel Lanseros recogiendo su trofeo, en la entrega de premios, de manos de Eloy S\u00e1nchez Rosillo.<\/b><\/p>\n<p align=\"center\"><img decoding=\"async\" loading=\"lazy\" class=\"alignnone\" src=\"https:\/\/www.canal-literatura.org\/Cosas_nuestras\/AndresPierucci_trofeo.jpg\" alt=\"\" width=\"300\" height=\"225\" \/>\u00a0 \u00a0<img decoding=\"async\" loading=\"lazy\" class=\"alignnone\" src=\"https:\/\/www.canal-literatura.org\/Cosas_nuestras\/ganador-Poemas09.jpg\" alt=\"\" width=\"240\" height=\"231\" \/><\/p>\n<p align=\"center\"><b>Andr\u00e9s Pierucci con su trofeo en Arroyo Seco (Argentina)<\/b><\/p>\n<p style=\"text-align: justify;\">Estimados amigos\u00a0el momento ganador comenz\u00f3 a gestarse con la\u00a0generosa palabra \u00abenhorabuena\u00bb que encabezaba el mail con la \u00a0noticia. Y esa es una palabra de augurio, de promisoria bienvenida. Era la bienvenida de la cr\u00edtica, del jurado, del lector \u00a0a mi obra, o por lo menos a una muestra de mi obra como lo fue el poema elegido. La experiencia fue, como todo premio, un abanico de sensaciones, de recuerdos, de gentes y de hechos que estuvieron all\u00ed, fusionados\u00a0en ese mensaje, en ese espasmo de orgullo y de\u00a0rememoraci\u00f3n de sentimientos. Estuvo mi madre con su biblioteca inicial de poes\u00eda, mi barrio, mis versos all\u00e1 por los catorce a\u00f1os, la imagen de la mujer, protagonista y heredera de mi met\u00e1fora. Y al ser en Espa\u00f1a estuvieron todos mis\u00a0<b><i>amigos \u00edntimos<\/i><\/b>, que como dec\u00eda Borges, son \u00edntimos aunque ellos no me conozcan\u00a0\u00a0 o nunca me hallan conocido, por ser parte de mi vida, de mi mesa de luz, de mi secreto, mi sensualidad, \u00a0como entre otros, el siemprefeliz Federico G. Lorca, MIguelito Hern\u00e1ndez, Becquer, el gran Antonio\u00a0que\u00a0fue siempre\u00a0en el buen sentido de la palabra \u00abbueno\u00bb, y Lope de Vega,\u00a0 y\u00a0 Quevedo \u00a0y as\u00ed muchos m\u00e1s, todos ellos fueron el premio, todos ellos fueron las aristas de la\u00a0hermosa palabra, de la\u00a0amistosa y honesta palabra: \u00abenhorabuena\u00bb que daba comienzo a la noticia de este\u00a0reconocimiento de Poemas sin Rostro que es motivo de festejo y de brindis.\u00a0Por ello levanto a la distancia, relativa distancia , mi copa latina y agradecida. Por ello me vuelco otra vez a proseguir \u00a0este silencioso, m\u00e1gico, sereno, violento y dulce oficio de escribir, de creer en la palabra, de protegerla, de lustrarla, de\u00a0pensarla, en fin, de hacerla\u00a0digna de\u00a0 los sentidos.\u00a0Hasta siempre. Muchas gracias.<\/p>\n<p><b>\u00a0\u00a0\u00a0\u00a0\u00a0\u00a0 Andr\u00e9s Eduardo Pierucci<\/b><br \/>\n<b>Primer Premio Poemas 2008<\/b><br \/>\n<b>\u00a0 Arroyo Seco, Santa Fe (Argentina)<\/b><\/p>\n<hr \/>\n<p><strong>SEGUNGO PREMIO<\/strong><\/p>\n<p align=\"center\"><b><i>Juan Francisco Ballester recoge el segundo premio.<\/i><\/b><\/p>\n<p>\u00a0<img decoding=\"async\" loading=\"lazy\" class=\"aligncenter\" src=\"https:\/\/www.canal-literatura.es\/Cosas_nuestras\/segundopremio-poemas08.jpg\" alt=\"\" width=\"300\" height=\"227\" \/><\/p>\n<p align=\"center\"><b>Impresiones de la entrega de premios.<\/b><\/p>\n<p style=\"text-align: justify;\">Dicen los t\u00f3picos que segundas partes nunca fueron buenas, pero cuando se trata de una entrega de premios literarios, y m\u00e1s en concreto del Certamen \u201cPoemas sin Rostro\u201d, uno est\u00e1 encantado de repetir un a\u00f1o m\u00e1s entre los finalistas y se siente una emoci\u00f3n especial por haber conseguido colarse entre ese pu\u00f1ado de privilegiados, tal como me sucediera hace dos a\u00f1os.<\/p>\n<p style=\"text-align: justify;\">Fue en diciembre cuando se hizo p\u00fablica la relaci\u00f3n de poemas seleccionados, y tras seis meses de espera, acud\u00eda a Murcia con la tranquilidad que proporciona el sentir que, pasase lo que pasase al final, se hab\u00eda cumplido sobradamente el objetivo inicialmente marcado.<\/p>\n<p style=\"text-align: justify;\">As\u00ed que me propuse disfrutar de la cena en compa\u00f1\u00eda de mis amigos, saludar a viejos conocidos, y enriquecerme intelectualmente al lado de tantos y tan cualificados asistentes al acto. Y por supuesto, como es consustancial en esta clase de actos, ten\u00eda adem\u00e1s la remota esperanza de que el maestro de ceremonias encargado de leer la plica pronunciase mi nombre, aun a sabiendas de que la competencia iba a ser, como siempre, enorme.<\/p>\n<p style=\"text-align: justify;\">La cena discurri\u00f3 animadamente y las viandas desfilaron por las mesas haciendo las delicias de los m\u00e1s voraces, entre los que me incluyo, y luego de dar buena cuenta de las mismas lleg\u00f3 el momento m\u00e1s caliente de la noche. Emoci\u00f3n, nervios, caras de p\u00f3ker, discursos ensayados \u201cpor si las moscas\u201d, cruzamiento de dedos, roces de medallas milagrosas y de amuletos infalibles. Se comienza por el certamen de poes\u00eda, el \u00fanico en el que tengo opciones: el nombre del tercer clasificado cae como una bomba (para m\u00ed era favorito indiscutible). S\u00e1lvese quien pueda; a partir de ahora cualquier cosa puede suceder. Pero no he de esperar mucho, porque casi sin interrupci\u00f3n se desvela en nombre del clasificado en segundo lugar:\u00a0<i>Urrutia\u2019s lover<\/i>, es decir, Juan Ballester, o sea, yo mismo.<\/p>\n<p style=\"text-align: justify;\">La alegr\u00eda interior me desborda por completo, y subo al estrado a recoger el trofeo conmemorativo. Fotograf\u00edas, sonrisas, aplausos, cientos de pensamientos que desfilan por mi mente, fantasmas que se desvanecen, felicitaciones de diversos asistentes, unos segundos de gloria hasta que se pronuncia el nombre del ganador absoluto y quedo en un confortable segundo plano. Es mucho m\u00e1s de lo que hubiera imaginado.<\/p>\n<p style=\"text-align: justify;\">La ceremonia sigue: entrega de los premios de narrativa y del premio especial, sorteo de diferentes obsequios, copa y baile. Y luego, por las calles de Murcia, m\u00e1s baile y m\u00e1s felicitaciones. La noche es m\u00e1s hermosa que nunca; la compa\u00f1\u00eda, inmejorable, y cuando por fin llego a la habitaci\u00f3n del hotel, las manecillas del reloj marcan las seis y pico de la madrugada y ya est\u00e1 amaneciendo. Agotado, pero v\u00edctima de una extra\u00f1a felicidad.<\/p>\n<p style=\"text-align: justify;\">Y es que la vida, a veces, nos depara momentos inolvidables.<\/p>\n<p><b>Juan Ballester (Urrutia\u2019s Lover)<\/b><\/p>\n<hr \/>\n<p>&nbsp;<\/p>\n<p style=\"text-align: center;\"><strong>TERCER PREMIO<\/strong><\/p>\n<p><img decoding=\"async\" loading=\"lazy\" class=\"alignnone\" src=\"https:\/\/canal-literatura.es\/Apoesia4\/Finalistas\/JosefaParra.jpg\" alt=\"Josefa Parra Ramos\" width=\"200\" height=\"261\" \/>\u00a0 \u00a0 \u00a0 \u00a0 \u00a0\u00a0<img decoding=\"async\" loading=\"lazy\" class=\"alignright\" src=\"https:\/\/www.canal-literatura.es\/Cosas_nuestras\/tercerpremiopoemas-b.jpg\" alt=\"Eloy S\u00e1nchez Rosillo entregando el premio.\" width=\"300\" height=\"210\" \/><\/p>\n<p style=\"text-align: center;\"><strong>La representante de \u00a0recoge el trofeo al tercer premio.<\/strong><\/p>\n<p style=\"text-align: justify;\">Sucede a veces que un poema no encuentra el libro en el que aposentarse. Ha surgido a su albedr\u00edo, solitario y sin fronteras a las que acogerse, y una lo mira con cari\u00f1o (al fin y al cabo es hijo propio y ha nacido del amor por las palabras) pero tambi\u00e9n con esa suerte de benevolencia triste que provocan los ni\u00f1os t\u00edmidos o poco sociables.<br \/>\nAs\u00ed me sucedi\u00f3 con \u201cMetamorfosis\u201d. No sab\u00eda en qu\u00e9 lugar, en qu\u00e9 p\u00e1ginas, encajar este poema que me convenc\u00eda por s\u00ed mismo pero que no cuadraba con lo que hab\u00eda estado escribiendo. Lo dej\u00e9 en un archivo esperando que el tiempo me diese una clave. De vez en cuando, lo rele\u00eda y volv\u00eda a guardarlo sin lograr solucionar el asunto. Hasta que, curioseando en ese mundo paralelo e infinito de Internet, me top\u00e9 con el certamen \u201cPoemas sin rostro\u201d y alguna luz debi\u00f3 de encenderse porque supe que all\u00ed precisamente hab\u00eda de mandarlo. Ni siquiera lo envi\u00e9 con \u00e1nimo ni esperanza de ganar, sino con la sola convicci\u00f3n de que era el lugar id\u00f3neo para ese texto.<br \/>\nFue una gran alegr\u00eda saber que el poema hab\u00eda gustado y que tantas personas lo hab\u00edan le\u00eddo y aprobado. Fue tambi\u00e9n la corroboraci\u00f3n de que existen los p\u00e1lpitos y de que hay que dejarse guiar por ellos.<br \/>\nMuchas gracias a todos los que hab\u00e9is hecho posible que \u201cMetamorfosis\u201d haya encontrado un sitio y, lo que es m\u00e1s importante, un lector. O muchos lectores.<\/p>\n<p><strong>Josefa Parra Ramos<\/strong><\/p>\n<hr \/>\n<p>&nbsp;<\/p>\n<p style=\"text-align: center;\"><strong>Premio Especial del \u00a0P\u00fablico 2008<\/strong><\/p>\n<p style=\"text-align: center;\"><b><span style=\"font-family: Verdana; font-size: small;\">Ignacio Fajardo Portera recoge el premio de manos de Francisco Gim\u00e9nez Gracia, Director General de Archivos y Bibliotecas de la Regi\u00f3n de Murcia.<\/span><\/b><\/p>\n<p style=\"text-align: center;\"><img decoding=\"async\" src=\"https:\/\/www.canal-literatura.es\/Cosas_nuestras\/PEP-Poemas08.jpg\" alt=\"\" \/>\u00a0<img decoding=\"async\" src=\"https:\/\/www.canal-literatura.es\/Cosas_nuestras\/PEP-Poemas08-b.jpg\" alt=\"\" \/><\/p>\n<p align=\"center\"><b><span style=\"font-family: Verdana; font-size: small;\">\u00a0<\/span><\/b><\/p>\n<p align=\"center\">SOBRE LA ENTREGA DE PREMIOS<\/p>\n<p style=\"text-align: justify;\">Aprovechando el fin de semana, y dado que no conoc\u00eda Murcia, me present\u00e9 all\u00ed el viernes acompa\u00f1ado por mi esposa y dos familiares. Esto nos dio ocasi\u00f3n para recorrer y visitar la ciudad, de la que destaco especialmente su catedral.<\/p>\n<p style=\"text-align: justify;\">Pese al tremendo calor la impresi\u00f3n fue muy grata, apreciando una ciudad con el centro hist\u00f3rico muy cuidado y de agradable paseo.<\/p>\n<p style=\"text-align: justify;\">En cuanto a la organizaci\u00f3n de la entrega de premios, s\u00f3lo puedo tener palabras de agradecimiento para Canal Literatura, y pese a no poder asistir a la cena previa por motivos personales, tengo que decir que disfrute como un chico peque\u00f1o, puesto que me sent\u00ed arropado y rodeado de personas que comparten la misma pasi\u00f3n que yo. El ambiente era familiar y distendido. Debido a que tambi\u00e9n tuve que representar al finalista Santiago Redondo, mis continuas subidas al estrado debieron hacer pensar a m\u00e1s de uno que ve\u00eda doble. Cuando lleg\u00f3 el turno de recoger mi premio (el primero que recibo en el \u00e1mbito po\u00e9tico, y por lo tanto s\u00e9 que siempre tendr\u00e1 algo especial), me sent\u00ed c\u00f3modo y relajado, pero mientras recitaba el poema sobre mi padre, me pudo la emoci\u00f3n y pens\u00e9 que no podr\u00eda terminar los \u00faltimos cuatro versos. No se si lo notasteis, pero me fallaba la voz.<\/p>\n<p style=\"text-align: justify;\">Despu\u00e9s, durante la velada y baile posteriores, aprovech\u00e9 para charlar con los diversos premiados, jurados y p\u00fablico, aunque no con todos como me hubiera gustado, pero el tiempo no daba para m\u00e1s. Tambi\u00e9n me alegr\u00e9 mucho de poder conocer personalmente a Leo Zelada que asisti\u00f3 al acto como acompa\u00f1ante de Ana \u00c1lvarez y al que considero uno de los m\u00e1s importantes poetas y expertos literarios del momento.<\/p>\n<p style=\"text-align: justify;\">Para terminar, voy a poner un pero, de manera que tambi\u00e9n quepa algo de cr\u00edtica: Me sorprendi\u00f3 que no se leyesen los poemas ganadores. Creo que este aspecto se podr\u00eda subsanar en pr\u00f3ximas ediciones.<\/p>\n<p style=\"text-align: justify;\">Por \u00faltimo, siguiendo vuestra petici\u00f3n, dejo aqu\u00ed el poema que le\u00ed y que est\u00e1 dedicado a mi padre (falleci\u00f3 cuando yo era todav\u00eda demasiado joven)<\/p>\n<p><b>NO SUPE<\/b><\/p>\n<p>Yo conoc\u00ed la mano que llenaba la m\u00eda.<\/p>\n<p>Abrac\u00e9 al hombre alto<\/p>\n<p>-era lo m\u00e1s alto, cuando todas<\/p>\n<p>las cosas eran altas-<\/p>\n<p>y me llen\u00f3 de ideas como besos,<\/p>\n<p>de besos como risas, de v\u00e9rtigo y caricias.<\/p>\n<p>Yo distingu\u00eda el ruido de sus pasos,<\/p>\n<p>el golpe del llav\u00edn en la cerraja,<\/p>\n<p>y cuando entraba la casa ya era casa,<\/p>\n<p>las alcobas encog\u00edan de repente<\/p>\n<p>la noche era redonda y se cerraba,<\/p>\n<p>caracol, vientre, redil, manada<\/p>\n<p>mansa, completa y agrupada.<\/p>\n<p>&nbsp;<\/p>\n<p>Yo conoc\u00ed a mi padre siendo padre<\/p>\n<p>pero no supe del hombre que encerraba.<\/p>\n<p><b>\u00a0<\/b><\/p>\n<p>Un cordial saludo a todos.<\/p>\n<p><b>Ignacio Fajardo<\/b><\/p>\n","protected":false},"excerpt":{"rendered":"<p>\u00a0 \u00a0 \u00a0 \u00a0\u00a0 PRIMER PREMIO Andr\u00e9s Eduardo Pierucci, ganador del primer premio y Raquel Lanseros recogiendo su trofeo, en la entrega de premios, de manos de Eloy S\u00e1nchez Rosillo. \u00a0 \u00a0 Andr\u00e9s Pierucci con su trofeo en Arroyo Seco (Argentina) Estimados amigos\u00a0el momento ganador comenz\u00f3 a gestarse con la\u00a0generosa&#8230;<\/p>\n<p> <a class=\"continue-reading-link\" href=\"https:\/\/canal-literatura.es\/Apoesia4\/ganadores\/\"><span>Leer m\u00e1s<\/span><i class=\"crycon-right-dir\"><\/i><\/a> <\/p>\n","protected":false},"author":1,"featured_media":0,"parent":0,"menu_order":0,"comment_status":"closed","ping_status":"open","template":"","meta":[],"amp_enabled":true,"_links":{"self":[{"href":"https:\/\/canal-literatura.es\/Apoesia4\/wp-json\/wp\/v2\/pages\/163"}],"collection":[{"href":"https:\/\/canal-literatura.es\/Apoesia4\/wp-json\/wp\/v2\/pages"}],"about":[{"href":"https:\/\/canal-literatura.es\/Apoesia4\/wp-json\/wp\/v2\/types\/page"}],"author":[{"embeddable":true,"href":"https:\/\/canal-literatura.es\/Apoesia4\/wp-json\/wp\/v2\/users\/1"}],"replies":[{"embeddable":true,"href":"https:\/\/canal-literatura.es\/Apoesia4\/wp-json\/wp\/v2\/comments?post=163"}],"version-history":[{"count":4,"href":"https:\/\/canal-literatura.es\/Apoesia4\/wp-json\/wp\/v2\/pages\/163\/revisions"}],"predecessor-version":[{"id":199,"href":"https:\/\/canal-literatura.es\/Apoesia4\/wp-json\/wp\/v2\/pages\/163\/revisions\/199"}],"wp:attachment":[{"href":"https:\/\/canal-literatura.es\/Apoesia4\/wp-json\/wp\/v2\/media?parent=163"}],"curies":[{"name":"wp","href":"https:\/\/api.w.org\/{rel}","templated":true}]}}