{"id":161,"date":"2013-04-19T21:26:30","date_gmt":"2013-04-19T19:26:30","guid":{"rendered":"https:\/\/canal-literatura.es\/Apoesia4\/?page_id=161"},"modified":"2016-03-10T01:05:01","modified_gmt":"2016-03-09T23:05:01","slug":"bases","status":"publish","type":"page","link":"https:\/\/canal-literatura.es\/Apoesia4\/bases\/","title":{"rendered":"Bases"},"content":{"rendered":"<p class=\"MsoNormal\" style=\"margin-bottom: 10pt;\"><span style=\"font-size: 10pt; color: black; font-family: Tmes New Roman;\">1. Podr\u00e1 participar en este certamen cualquier autor mayor de edad que lo desee, con una sola obra, escrita en espa\u00f1ol.<\/span><\/p>\n<p>2. El tema es libre.<\/p>\n<p>3. Los trabajos presentados deber\u00e1n ser originales e in\u00e9ditos(incluido Internet)\u00a0y no premiados ni pendientes de fallos en otros concursos. Cualquier comprobaci\u00f3n en este sentido ser\u00e1 motivo de descalificaci\u00f3n autom\u00e1tica.<\/p>\n<p>4. La extensi\u00f3n de los poemas tendr\u00e1 un l\u00edmite entre <strong>10 versos m\u00ednimo y 60 m\u00e1ximo. <\/strong><\/p>\n<p>5. Las obras deber\u00e1n ser remitidas en soporte inform\u00e1tico . En un correo electr\u00f3nico que incluir\u00e1 los siguientes documentos adjuntos debidamente cumplimentados con una imagen del documento de identidad acreditativo,\u00a0a la direcci\u00f3n: <a href=\"mailto:certamen@canal-literatura.com\">certamen@canal-literatura.com<\/a><\/p>\n<p>Puedes descargarlos pinchando en los tres enlaces siguientes:<\/p>\n<p>a)- <strong><a href=\"https:\/\/www.canal-literatura.es\/Apoesia4\/Documentos\/formulario_plica_Poemas.doc\" target=\"_blank\">\u00a0Formulario Datos del Autor-PLICA<\/a><\/strong><\/p>\n<p>b)- <a href=\"https:\/\/www.canal-literatura.es\/Apoesia4\/Documentos\/declaracion_Poemas.doc\" target=\"_blank\"><strong>Declaraci\u00f3n del autor<\/strong><\/a><\/p>\n<p>c)- <strong><a href=\"https:\/\/www.canal-literatura.es\/Apoesia4\/Documentos\/Poema_concursante.doc\" target=\"_blank\">Versos del poema incluyendo t\u00edtulo y seud\u00f3nimo.<\/a><\/strong><\/p>\n<p class=\"MsoNormal\" style=\"margin-bottom: 12pt;\"><span style=\"font-size: 10pt; color: black; font-family: Verdana;\">6. El plazo de recepci\u00f3n de originales finalizar\u00e1 el 20 de septiembre del 2008<\/span><\/p>\n<p>7. Se otorgar\u00e1n tres premios que consistir\u00e1n (de momento) en:<\/p>\n<p>\u2022 Primer premio: <strong>200 euros, trofeo y lote de libros de Editorial Maghenta<\/strong><br \/>\n\u2022 Segundo premio: <strong>100 euros, trofeo y lote de libros de Editorial Maghenta<br \/>\n<\/strong>\u2022 Tercer premio: <strong>50 euros, trofeo y lote de libros de Editorial Maghenta<\/strong><\/p>\n<div style=\"text-align: center;\"><img decoding=\"async\" title=\"Trofeo\" src=\"https:\/\/www.canal-literatura.es\/Apoesia4\/Trofeo\/Trofeos-cristalop.jpg\" alt=\"Trofeo\" \/><\/div>\n<p>\u2022 <strong>Premio especial del publico:<\/strong> <strong>Trofeo<\/strong> y la dotaci\u00f3n de este premio que ser\u00e1 la aportaci\u00f3n de los usuarios del canal literatura, durante la celebraci\u00f3n del certamen.<\/p>\n<p>Todos los poemas finalistas y ganadores pasar\u00e1n a formar parte de la secci\u00f3n en la Web: <strong>\u201cPoemas sin Rostro\u201d en texto y audio.<\/strong><\/p>\n<p>8. La propiedad de las obras ser\u00e1 de los autores aunque la Asociaci\u00f3n Canal literatura se reserva el derecho de <strong>la primera publicaci\u00f3n de las mismas en su Web durante y despu\u00e9s del certamen indefinidamente <\/strong>y la primera publicaci\u00f3n impresa en el primer volumen de \u201cPoemas en el Canal\u201d en caso de decidirse su publicaci\u00f3n y contar con los medios econ\u00f3micos que la posibiliten.<\/p>\n<p>9. Los premios de este certamen no podr\u00e1n declararse desiertos.<\/p>\n<p>10. El fallo del Jurado, que resolver\u00e1 a su criterio las dudas que pueda plantear la interpretaci\u00f3n de estas Bases o cualquier incidencia que pueda surgir durante el desarrollo del certamen, ser\u00e1 inapelable y se har\u00e1 p\u00fablico en la web del canal literatura.<\/p>\n<p>11. Si alg\u00fan participante utilizara un seud\u00f3nimo que pudiera ser reconocido o crear alg\u00fan tipo de confusi\u00f3n con los nick (alias) usados habitualmente en el canal literatura, ser\u00e1 informado v\u00eda correo electr\u00f3nico de esta circunstancia, para que proceda al cambio del mismo. En \u00faltimo caso, se le asignar\u00eda un seud\u00f3nimo alfanum\u00e9rico aleatorio que garantizara su total anonimato para todos los \u00e1mbitos del certamen.<\/p>\n<p><strong>La participaci\u00f3n en el concurso implica la \u00edntegra aceptaci\u00f3n de las presentes Bases. <\/strong><\/p>\n<p>12. La votaci\u00f3n del p\u00fablico se har\u00e1, una vez finalizado el plazo de presentaci\u00f3n, en esta web, y por el sistema de estrellas que aparecer\u00e1n debajo de cada poema.<\/p>\n<p>El ganador ser\u00e1 el acumule mayor n\u00famero de votos y en caso de empate este se resolver\u00e1 seg\u00fan la media obtenida.<\/p>\n<p>\u2022 Todas las votaciones efectuadas consideradas fraudulentas ser\u00e1n borradas.Todas las votaciones duplicadas que se compruebe que proceden de una misma IP ser\u00e1n borradas. No se dar\u00e1 ninguna explicaci\u00f3n sobre estas decisiones t\u00e9cnicas.<\/p>\n<p class=\"MsoNormal\" style=\"margin-bottom: 12pt;\"><span style=\"font-size: 8.5pt; color: black; font-family: Verdana;\">\u2022 Las aportaciones de los usuarios a estos premios pueden hacerse por transferencia a la cuenta de la Asociaci\u00f3n Canal Literatura indicando:<\/span><\/p>\n<blockquote><p><span style=\"font-size: 8.5pt; color: black; font-family: Verdana;\">Aportaci\u00f3n Premio del Publico, indicando el nombre o NIck. <\/span><br \/>\n<span style=\"font-size: 8.5pt; color: black; font-family: Verdana;\"><br \/>\n<span style=\"font-size: 8.5pt; color: black; font-family: Verdana;\"><strong>N\u00ba de cuenta 2043 0143 46 0200004600 <\/strong><\/span><br \/>\n<span style=\"font-size: 8.5pt; color: black; font-family: Verdana;\"><\/p>\n<p><\/span><\/span><\/p><\/blockquote>\n","protected":false},"excerpt":{"rendered":"<p>1. Podr\u00e1 participar en este certamen cualquier autor mayor de edad que lo desee, con una sola obra, escrita en espa\u00f1ol. 2. El tema es libre. 3. Los trabajos presentados deber\u00e1n ser originales e in\u00e9ditos(incluido Internet)\u00a0y no premiados ni pendientes de fallos en otros concursos. Cualquier comprobaci\u00f3n en este sentido&#8230;<\/p>\n<p> <a class=\"continue-reading-link\" href=\"https:\/\/canal-literatura.es\/Apoesia4\/bases\/\"><span>Leer m\u00e1s<\/span><i class=\"crycon-right-dir\"><\/i><\/a> <\/p>\n","protected":false},"author":1,"featured_media":0,"parent":0,"menu_order":0,"comment_status":"closed","ping_status":"open","template":"","meta":[],"amp_enabled":true,"_links":{"self":[{"href":"https:\/\/canal-literatura.es\/Apoesia4\/wp-json\/wp\/v2\/pages\/161"}],"collection":[{"href":"https:\/\/canal-literatura.es\/Apoesia4\/wp-json\/wp\/v2\/pages"}],"about":[{"href":"https:\/\/canal-literatura.es\/Apoesia4\/wp-json\/wp\/v2\/types\/page"}],"author":[{"embeddable":true,"href":"https:\/\/canal-literatura.es\/Apoesia4\/wp-json\/wp\/v2\/users\/1"}],"replies":[{"embeddable":true,"href":"https:\/\/canal-literatura.es\/Apoesia4\/wp-json\/wp\/v2\/comments?post=161"}],"version-history":[{"count":1,"href":"https:\/\/canal-literatura.es\/Apoesia4\/wp-json\/wp\/v2\/pages\/161\/revisions"}],"predecessor-version":[{"id":201,"href":"https:\/\/canal-literatura.es\/Apoesia4\/wp-json\/wp\/v2\/pages\/161\/revisions\/201"}],"wp:attachment":[{"href":"https:\/\/canal-literatura.es\/Apoesia4\/wp-json\/wp\/v2\/media?parent=161"}],"curies":[{"name":"wp","href":"https:\/\/api.w.org\/{rel}","templated":true}]}}