{"id":2,"date":"2007-08-06T00:01:30","date_gmt":"2007-08-05T22:01:30","guid":{"rendered":""},"modified":"2018-02-17T01:57:28","modified_gmt":"2018-02-16T23:57:28","slug":"bases","status":"publish","type":"page","link":"https:\/\/canal-literatura.es\/Apoesia3\/bases\/","title":{"rendered":"Bases"},"content":{"rendered":"<p>1. Podr\u00e1 participar en este certamen cualquier autor mayor de edad que lo desee, con una sola obra, escrita en espa\u00f1ol.<\/p>\n<p>2. El tema es libre.<\/p>\n<p>3. Los trabajos presentados deber\u00e1n ser originales e in\u00e9ditos, y no premiados ni pendientes de fallos en otros concursos.<\/p>\n<p>4. La extensi\u00f3n de los poemas tendr\u00e1 un l\u00edmite entre <strong>10 versos m\u00ednimo y 60 m\u00e1ximo. <\/strong><\/p>\n<p>5. Las obras deber\u00e1n ser remitidas en soporte inform\u00e1tico a la direcci\u00f3n electr\u00f3nica Mail: <strong><a href=\"mailto:certamen@canal-literatura.com\" target=\"_blank\" rel=\"noopener\"><span style=\"color: black; text-decoration: none;\">certamen@canal-literatura.com<\/span><\/a><\/strong> con los siguientes datos:<\/p>\n<p style=\"padding-left: 30px;\">\u2022 Seud\u00f3nimo<br \/>\n\u2022 Nombre apellidos<br \/>\n\u2022 DNI- Pasaporte o n\u00ba de documento de identidad del pa\u00eds correspondiente.<br \/>\n\u2022 Mail<br \/>\n\u2022 Telf.<br \/>\n\u2022 Direcci\u00f3n \u2013C\u00f3digo Postal<br \/>\n\u2022 Titulo<br \/>\n\u2022 Texto (Formato Tmes New Roman 12 formato Word (*.Doc, en archivo adjunto)<\/p>\n<p>6. El plazo de recepci\u00f3n de originales finalizar\u00e1 el 30 de septiembre del 2007<\/p>\n<p>7. Se otorgar\u00e1n tres premios que consistir\u00e1n (de momento) en:<\/p>\n<p>\u2022 Primer premio: <strong>200 euros, trofeo\u00a0y lote de libros de Editorial Maghenta<\/strong><br \/>\n\u2022 Segundo premio: <strong>100 euros, trofeo\u00a0y lote de libros de Editorial Maghenta<br \/>\n<\/strong>\u2022 Tercer premio: <strong>50 euros, trofeo y lote de libros de Editorial Maghenta<\/strong><\/p>\n<div style=\"text-align: center;\"><img decoding=\"async\" loading=\"lazy\" title=\"Trofeo\" src=\"https:\/\/www.canal-literatura.es\/Noticias\/trofeopoemas200.jpg\" alt=\"Trofeo\" width=\"173\" height=\"301\" \/><\/div>\n<p>\u2022 <strong>Premio especial del publico:<\/strong> <strong>Trofeo<\/strong> y la dotaci\u00f3n de este premio que ser\u00e1 la aportaci\u00f3n de los usuarios del canal literatura, comenzando con <strong>285 euros<\/strong> que quedaron acumulados en el anterior certamen de poemas.<\/p>\n<p>Todos los poemas finalistas y ganadores pasar\u00e1n a formar parte de la secci\u00f3n en la Web: <strong>\u201cPoemas sin Rostro\u201d en texto y audio.<\/strong><\/p>\n<p>8. La propiedad de las obras ser\u00e1 de los autores aunque la Asociaci\u00f3n Canal literatura se reserva el derecho de <strong>la primera publicaci\u00f3n de las mismas en su Web durante y despu\u00e9s del certamen indefinidamente <\/strong>y la primera publicaci\u00f3n impresa en el primer volumen de \u201cPoemas en el Canal\u201d en caso de decidirse su publicaci\u00f3n y contar con los medios econ\u00f3micos que la posibiliten.<\/p>\n<p>9. Los premios de este certamen no podr\u00e1n declararse desiertos.<\/p>\n<p>10. El fallo del Jurado, que resolver\u00e1 a su criterio las dudas que pueda plantear la interpretaci\u00f3n de estas Bases o cualquier incidencia que pueda surgir, ser\u00e1 inapelable y se har\u00e1 p\u00fablico en la web del canal literatura.<\/p>\n<p>11. Si alg\u00fan participante utilizara un seud\u00f3nimo que pudiera ser reconocido o crear alg\u00fan tipo de confusi\u00f3n con los nick (alias) usados habitualmente en el canal literatura, ser\u00e1 informado v\u00eda correo electr\u00f3nico de esta circunstancia, para que proceda al cambio del mismo. En \u00faltimo caso, se le asignar\u00eda un seud\u00f3nimo alfanum\u00e9rico aleatorio que garantizara su total anonimato para todos los \u00e1mbitos del certamen.<\/p>\n<p><strong>La participaci\u00f3n en el concurso implica la \u00edntegra aceptaci\u00f3n de las presentes Bases. <\/strong><\/p>\n<p>12. La votaci\u00f3n del p\u00fablico se har\u00e1, una vez finalizado el plazo de presentaci\u00f3n, en esta web, y por el sistema de estrellas que aparecer\u00e1n debajo de cada poema.<\/p>\n<p>El ganador ser\u00e1 el acumule mayor n\u00famero de votos y en caso de empate este se resolver\u00e1 seg\u00fan la media obtenida.<\/p>\n<p>\u2022 Todas las votaciones efectuadas consideradas fraudulentas ser\u00e1n borradas.Todas las votaciones duplicadas que se compruebe que proceden de una misma IP ser\u00e1n borradas.<\/p>\n<p class=\"MsoNormal\" style=\"margin-bottom: 12pt;\">\u2022 Las aportaciones de los usuarios a estos premios pueden hacerse por transferencia a la cuenta de la Asociaci\u00f3n Canal Literatura indicando:<\/p>\n<p>Aportaci\u00f3n Premio del Publico, indicando el nombre o NIck.<\/p>\n<p><strong>N\u00ba de cuenta 2043 0143 46 0200004600<\/strong><\/p>\n<p style=\"text-align: center;\"><strong><br \/>\nPod\u00e9is ver las aportaciones en el apartado siguiente del foro.<\/strong><\/p>\n","protected":false},"excerpt":{"rendered":"<p>1. Podr\u00e1 participar en este certamen cualquier autor mayor de edad que lo desee, con una sola obra, escrita en espa\u00f1ol. 2. El tema es libre. 3. Los trabajos presentados deber\u00e1n ser originales e in\u00e9ditos, y no premiados ni pendientes de fallos en otros concursos. 4. La extensi\u00f3n de los&#8230;<\/p>\n<p> <a class=\"continue-reading-link\" href=\"https:\/\/canal-literatura.es\/Apoesia3\/bases\/\"><span>Leer m\u00e1s<\/span><i class=\"crycon-right-dir\"><\/i><\/a> <\/p>\n","protected":false},"author":1,"featured_media":0,"parent":0,"menu_order":0,"comment_status":"open","ping_status":"open","template":"","meta":[],"yoast_head":"<!-- This site is optimized with the Yoast SEO plugin v19.13 - https:\/\/yoast.com\/wordpress\/plugins\/seo\/ -->\n<title>Bases - III Certamen Poemas Sin Rostro<\/title>\n<meta name=\"robots\" content=\"index, follow, max-snippet:-1, max-image-preview:large, max-video-preview:-1\" \/>\n<link rel=\"canonical\" href=\"https:\/\/canal-literatura.es\/Apoesia3\/bases\/\" \/>\n<meta property=\"og:locale\" content=\"es_ES\" \/>\n<meta property=\"og:type\" content=\"article\" \/>\n<meta property=\"og:title\" content=\"Bases - III Certamen Poemas Sin Rostro\" \/>\n<meta property=\"og:description\" content=\"1. Podr\u00e1 participar en este certamen cualquier autor mayor de edad que lo desee, con una sola obra, escrita en espa\u00f1ol. 2. El tema es libre. 3. Los trabajos presentados deber\u00e1n ser originales e in\u00e9ditos, y no premiados ni pendientes de fallos en otros concursos. 4. La extensi\u00f3n de los... Leer m\u00e1s\" \/>\n<meta property=\"og:url\" content=\"https:\/\/canal-literatura.es\/Apoesia3\/bases\/\" \/>\n<meta property=\"og:site_name\" content=\"III Certamen Poemas Sin Rostro\" \/>\n<meta property=\"article:modified_time\" content=\"2018-02-16T23:57:28+00:00\" \/>\n<meta property=\"og:image\" content=\"https:\/\/www.canal-literatura.es\/Noticias\/trofeopoemas200.jpg\" \/>\n<meta name=\"twitter:card\" content=\"summary_large_image\" \/>\n<meta name=\"twitter:label1\" content=\"Tiempo de lectura\" \/>\n\t<meta name=\"twitter:data1\" content=\"3 minutos\" \/>\n<script type=\"application\/ld+json\" class=\"yoast-schema-graph\">{\"@context\":\"https:\/\/schema.org\",\"@graph\":[{\"@type\":\"WebPage\",\"@id\":\"https:\/\/canal-literatura.es\/Apoesia3\/bases\/\",\"url\":\"https:\/\/canal-literatura.es\/Apoesia3\/bases\/\",\"name\":\"Bases - III Certamen Poemas Sin Rostro\",\"isPartOf\":{\"@id\":\"https:\/\/canal-literatura.es\/Apoesia3\/#website\"},\"datePublished\":\"2007-08-05T22:01:30+00:00\",\"dateModified\":\"2018-02-16T23:57:28+00:00\",\"breadcrumb\":{\"@id\":\"https:\/\/canal-literatura.es\/Apoesia3\/bases\/#breadcrumb\"},\"inLanguage\":\"es\",\"potentialAction\":[{\"@type\":\"ReadAction\",\"target\":[\"https:\/\/canal-literatura.es\/Apoesia3\/bases\/\"]}]},{\"@type\":\"BreadcrumbList\",\"@id\":\"https:\/\/canal-literatura.es\/Apoesia3\/bases\/#breadcrumb\",\"itemListElement\":[{\"@type\":\"ListItem\",\"position\":1,\"name\":\"Portada\",\"item\":\"https:\/\/canal-literatura.es\/Apoesia3\/\"},{\"@type\":\"ListItem\",\"position\":2,\"name\":\"Bases\"}]},{\"@type\":\"WebSite\",\"@id\":\"https:\/\/canal-literatura.es\/Apoesia3\/#website\",\"url\":\"https:\/\/canal-literatura.es\/Apoesia3\/\",\"name\":\"III Certamen Poemas Sin Rostro\",\"description\":\"Web dedicada a los poemas, noticias, votaciones y todo lo relativo al III Certamen Poemas Sin Rostro\",\"potentialAction\":[{\"@type\":\"SearchAction\",\"target\":{\"@type\":\"EntryPoint\",\"urlTemplate\":\"https:\/\/canal-literatura.es\/Apoesia3\/?s={search_term_string}\"},\"query-input\":\"required name=search_term_string\"}],\"inLanguage\":\"es\"}]}<\/script>\n<!-- \/ Yoast SEO plugin. -->","yoast_head_json":{"title":"Bases - III Certamen Poemas Sin Rostro","robots":{"index":"index","follow":"follow","max-snippet":"max-snippet:-1","max-image-preview":"max-image-preview:large","max-video-preview":"max-video-preview:-1"},"canonical":"https:\/\/canal-literatura.es\/Apoesia3\/bases\/","og_locale":"es_ES","og_type":"article","og_title":"Bases - III Certamen Poemas Sin Rostro","og_description":"1. Podr\u00e1 participar en este certamen cualquier autor mayor de edad que lo desee, con una sola obra, escrita en espa\u00f1ol. 2. El tema es libre. 3. Los trabajos presentados deber\u00e1n ser originales e in\u00e9ditos, y no premiados ni pendientes de fallos en otros concursos. 4. La extensi\u00f3n de los... Leer m\u00e1s","og_url":"https:\/\/canal-literatura.es\/Apoesia3\/bases\/","og_site_name":"III Certamen Poemas Sin Rostro","article_modified_time":"2018-02-16T23:57:28+00:00","og_image":[{"url":"https:\/\/www.canal-literatura.es\/Noticias\/trofeopoemas200.jpg"}],"twitter_card":"summary_large_image","twitter_misc":{"Tiempo de lectura":"3 minutos"},"schema":{"@context":"https:\/\/schema.org","@graph":[{"@type":"WebPage","@id":"https:\/\/canal-literatura.es\/Apoesia3\/bases\/","url":"https:\/\/canal-literatura.es\/Apoesia3\/bases\/","name":"Bases - III Certamen Poemas Sin Rostro","isPartOf":{"@id":"https:\/\/canal-literatura.es\/Apoesia3\/#website"},"datePublished":"2007-08-05T22:01:30+00:00","dateModified":"2018-02-16T23:57:28+00:00","breadcrumb":{"@id":"https:\/\/canal-literatura.es\/Apoesia3\/bases\/#breadcrumb"},"inLanguage":"es","potentialAction":[{"@type":"ReadAction","target":["https:\/\/canal-literatura.es\/Apoesia3\/bases\/"]}]},{"@type":"BreadcrumbList","@id":"https:\/\/canal-literatura.es\/Apoesia3\/bases\/#breadcrumb","itemListElement":[{"@type":"ListItem","position":1,"name":"Portada","item":"https:\/\/canal-literatura.es\/Apoesia3\/"},{"@type":"ListItem","position":2,"name":"Bases"}]},{"@type":"WebSite","@id":"https:\/\/canal-literatura.es\/Apoesia3\/#website","url":"https:\/\/canal-literatura.es\/Apoesia3\/","name":"III Certamen Poemas Sin Rostro","description":"Web dedicada a los poemas, noticias, votaciones y todo lo relativo al III Certamen Poemas Sin Rostro","potentialAction":[{"@type":"SearchAction","target":{"@type":"EntryPoint","urlTemplate":"https:\/\/canal-literatura.es\/Apoesia3\/?s={search_term_string}"},"query-input":"required name=search_term_string"}],"inLanguage":"es"}]}},"amp_enabled":true,"_links":{"self":[{"href":"https:\/\/canal-literatura.es\/Apoesia3\/wp-json\/wp\/v2\/pages\/2"}],"collection":[{"href":"https:\/\/canal-literatura.es\/Apoesia3\/wp-json\/wp\/v2\/pages"}],"about":[{"href":"https:\/\/canal-literatura.es\/Apoesia3\/wp-json\/wp\/v2\/types\/page"}],"author":[{"embeddable":true,"href":"https:\/\/canal-literatura.es\/Apoesia3\/wp-json\/wp\/v2\/users\/1"}],"replies":[{"embeddable":true,"href":"https:\/\/canal-literatura.es\/Apoesia3\/wp-json\/wp\/v2\/comments?post=2"}],"version-history":[{"count":3,"href":"https:\/\/canal-literatura.es\/Apoesia3\/wp-json\/wp\/v2\/pages\/2\/revisions"}],"predecessor-version":[{"id":295,"href":"https:\/\/canal-literatura.es\/Apoesia3\/wp-json\/wp\/v2\/pages\/2\/revisions\/295"}],"wp:attachment":[{"href":"https:\/\/canal-literatura.es\/Apoesia3\/wp-json\/wp\/v2\/media?parent=2"}],"curies":[{"name":"wp","href":"https:\/\/api.w.org\/{rel}","templated":true}]}}